{"id":83,"date":"2022-02-14T21:52:08","date_gmt":"2022-02-15T02:52:08","guid":{"rendered":"https:\/\/www.worldwct.com\/?page_id=83"},"modified":"2022-03-16T20:06:03","modified_gmt":"2022-03-17T01:06:03","slug":"accueil","status":"publish","type":"page","link":"https:\/\/www.worldwct.com\/fr\/","title":{"rendered":"Accueil"},"content":{"rendered":"\t\t<div data-elementor-type=\"wp-page\" data-elementor-id=\"83\" class=\"elementor elementor-83\">\n\t\t\t\t\t\t<section class=\"elementor-section elementor-top-section elementor-element elementor-element-e9704fc elementor-section-boxed elementor-section-height-default elementor-section-height-default\" data-id=\"e9704fc\" data-element_type=\"section\">\n\t\t\t\t\t\t<div class=\"elementor-container elementor-column-gap-default\">\n\t\t\t\t\t<div class=\"elementor-column elementor-col-100 elementor-top-column elementor-element elementor-element-20d9c48\" data-id=\"20d9c48\" data-element_type=\"column\">\n\t\t\t<div class=\"elementor-widget-wrap\">\n\t\t\t\t\t\t\t<\/div>\n\t\t<\/div>\n\t\t\t\t\t<\/div>\n\t\t<\/section>\n\t\t\t\t<section class=\"elementor-section elementor-top-section elementor-element elementor-element-5dff61a9 elementor-section-boxed elementor-section-height-default elementor-section-height-default\" data-id=\"5dff61a9\" data-element_type=\"section\">\n\t\t\t\t\t\t<div class=\"elementor-container elementor-column-gap-default\">\n\t\t\t\t\t<div class=\"elementor-column elementor-col-100 elementor-top-column elementor-element elementor-element-3aef099f\" data-id=\"3aef099f\" data-element_type=\"column\">\n\t\t\t<div class=\"elementor-widget-wrap elementor-element-populated\">\n\t\t\t\t\t\t<div class=\"elementor-element elementor-element-5930589 animated-slow elementor-invisible elementor-widget elementor-widget-image\" data-id=\"5930589\" data-element_type=\"widget\" data-settings=\"{&quot;_animation&quot;:&quot;fadeIn&quot;}\" data-widget_type=\"image.default\">\n\t\t\t\t<div class=\"elementor-widget-container\">\n\t\t\t\t\t\t\t\t\t\t\t\t\t\t\t<img fetchpriority=\"high\" decoding=\"async\" width=\"1500\" height=\"857\" src=\"https:\/\/www.worldwct.com\/wp-content\/uploads\/2022\/03\/worldwct-import-export-banner.jpg\" class=\"attachment-full size-full wp-image-94\" alt=\"\" srcset=\"https:\/\/www.worldwct.com\/wp-content\/uploads\/2022\/03\/worldwct-import-export-banner.jpg 1500w, https:\/\/www.worldwct.com\/wp-content\/uploads\/2022\/03\/worldwct-import-export-banner-768x439.jpg 768w\" sizes=\"(max-width: 1500px) 100vw, 1500px\" \/>\t\t\t\t\t\t\t\t\t\t\t\t\t\t\t<\/div>\n\t\t\t\t<\/div>\n\t\t\t\t\t<\/div>\n\t\t<\/div>\n\t\t\t\t\t<\/div>\n\t\t<\/section>\n\t\t\t\t<section class=\"elementor-section elementor-top-section elementor-element elementor-element-b156bbd elementor-section-boxed elementor-section-height-default elementor-section-height-default\" data-id=\"b156bbd\" data-element_type=\"section\">\n\t\t\t\t\t\t<div class=\"elementor-container elementor-column-gap-default\">\n\t\t\t\t\t<div class=\"elementor-column elementor-col-100 elementor-top-column elementor-element elementor-element-42fcbcd5\" data-id=\"42fcbcd5\" data-element_type=\"column\">\n\t\t\t<div class=\"elementor-widget-wrap elementor-element-populated\">\n\t\t\t\t\t\t<div class=\"elementor-element elementor-element-d6da9a3 animated-fast elementor-invisible elementor-widget elementor-widget-text-editor\" data-id=\"d6da9a3\" data-element_type=\"widget\" data-settings=\"{&quot;_animation&quot;:&quot;lightSpeedIn&quot;}\" data-widget_type=\"text-editor.default\">\n\t\t\t\t<div class=\"elementor-widget-container\">\n\t\t\t\t\t\t\t\t\t<h1 style=\"text-align: center;\">NOUS SOMMES UNE ENTREPRISE CANADIENNE D&rsquo;IMPORT EXPORT OFFRANT DES PRODUITS DE QUALIT\u00c9<\/h1>\t\t\t\t\t\t\t\t<\/div>\n\t\t\t\t<\/div>\n\t\t\t\t\t<\/div>\n\t\t<\/div>\n\t\t\t\t\t<\/div>\n\t\t<\/section>\n\t\t\t\t<section class=\"elementor-section elementor-top-section elementor-element elementor-element-2776f92c elementor-section-boxed elementor-section-height-default elementor-section-height-default\" data-id=\"2776f92c\" data-element_type=\"section\">\n\t\t\t\t\t\t<div class=\"elementor-container elementor-column-gap-default\">\n\t\t\t\t\t<div class=\"elementor-column elementor-col-50 elementor-top-column elementor-element elementor-element-24f2f6d\" data-id=\"24f2f6d\" data-element_type=\"column\">\n\t\t\t<div class=\"elementor-widget-wrap elementor-element-populated\">\n\t\t\t\t\t\t<div class=\"elementor-element elementor-element-2832ce6e elementor-invisible elementor-widget elementor-widget-text-editor\" data-id=\"2832ce6e\" data-element_type=\"widget\" data-settings=\"{&quot;_animation&quot;:&quot;fadeIn&quot;}\" data-widget_type=\"text-editor.default\">\n\t\t\t\t<div class=\"elementor-widget-container\">\n\t\t\t\t\t\t\t\t\t<h3><strong>Contactez-nous<\/strong><\/h3>\t\t\t\t\t\t\t\t<\/div>\n\t\t\t\t<\/div>\n\t\t\t\t<div class=\"elementor-element elementor-element-21b0a742 elementor-invisible elementor-widget elementor-widget-text-editor\" data-id=\"21b0a742\" data-element_type=\"widget\" data-settings=\"{&quot;_animation&quot;:&quot;fadeIn&quot;}\" data-widget_type=\"text-editor.default\">\n\t\t\t\t<div class=\"elementor-widget-container\">\n\t\t\t\t\t\t\t\t\t<p>Bureau d&rsquo;inscription: <br \/>WORLD WIDE CANADIAN TOBACCO Inc<br \/>Enregistr\u00e9 au Canada <br \/>No: 1360163-3<\/p><p>WWCT Inc<br \/>3755 ( E ) , Boul Matte, Brossard, Qu\u00e9bec J4Y 2P4 <br \/>Tel : (514) 571-1642<\/p>\t\t\t\t\t\t\t\t<\/div>\n\t\t\t\t<\/div>\n\t\t\t\t\t<\/div>\n\t\t<\/div>\n\t\t\t\t<div class=\"elementor-column elementor-col-50 elementor-top-column elementor-element elementor-element-76a01451\" data-id=\"76a01451\" data-element_type=\"column\">\n\t\t\t<div class=\"elementor-widget-wrap elementor-element-populated\">\n\t\t\t\t\t\t<div class=\"elementor-element elementor-element-2379c7ab elementor-invisible elementor-widget elementor-widget-text-editor\" data-id=\"2379c7ab\" data-element_type=\"widget\" data-settings=\"{&quot;_animation&quot;:&quot;fadeIn&quot;}\" data-widget_type=\"text-editor.default\">\n\t\t\t\t<div class=\"elementor-widget-container\">\n\t\t\t\t\t\t\t\t\t\n<div class=\"wpcf7 no-js\" id=\"wpcf7-f146-o1\" lang=\"en-US\" dir=\"ltr\" data-wpcf7-id=\"146\">\n<div class=\"screen-reader-response\"><p role=\"status\" aria-live=\"polite\" aria-atomic=\"true\"><\/p> <ul><\/ul><\/div>\n<form action=\"\/fr\/wp-json\/wp\/v2\/pages\/83#wpcf7-f146-o1\" method=\"post\" class=\"wpcf7-form init\" aria-label=\"Contact form\" novalidate=\"novalidate\" data-status=\"init\">\n<div style=\"display: none;\">\n<input type=\"hidden\" name=\"_wpcf7\" value=\"146\" \/>\n<input type=\"hidden\" name=\"_wpcf7_version\" value=\"6.0.6\" \/>\n<input type=\"hidden\" name=\"_wpcf7_locale\" value=\"en_US\" \/>\n<input type=\"hidden\" name=\"_wpcf7_unit_tag\" value=\"wpcf7-f146-o1\" \/>\n<input type=\"hidden\" name=\"_wpcf7_container_post\" value=\"0\" \/>\n<input type=\"hidden\" name=\"_wpcf7_posted_data_hash\" value=\"\" \/>\n<\/div>\n<p><label> Votre nom<br \/>\n<span class=\"wpcf7-form-control-wrap\" data-name=\"your-name\"><input size=\"40\" maxlength=\"400\" class=\"wpcf7-form-control wpcf7-text wpcf7-validates-as-required\" aria-required=\"true\" aria-invalid=\"false\" value=\"\" type=\"text\" name=\"your-name\" \/><\/span> <\/label>\n<\/p>\n<p><label> Courriel<br \/>\n<span class=\"wpcf7-form-control-wrap\" data-name=\"your-email\"><input size=\"40\" maxlength=\"400\" class=\"wpcf7-form-control wpcf7-email wpcf7-validates-as-required wpcf7-text wpcf7-validates-as-email\" aria-required=\"true\" aria-invalid=\"false\" value=\"\" type=\"email\" name=\"your-email\" \/><\/span> <\/label>\n<\/p>\n<p><label> Sujet<br \/>\n<span class=\"wpcf7-form-control-wrap\" data-name=\"your-subject\"><input size=\"40\" maxlength=\"400\" class=\"wpcf7-form-control wpcf7-text wpcf7-validates-as-required\" aria-required=\"true\" aria-invalid=\"false\" value=\"\" type=\"text\" name=\"your-subject\" \/><\/span> <\/label>\n<\/p>\n<p><label> Mesage<br \/>\n<span class=\"wpcf7-form-control-wrap\" data-name=\"your-message\"><textarea cols=\"40\" rows=\"10\" maxlength=\"2000\" class=\"wpcf7-form-control wpcf7-textarea\" aria-invalid=\"false\" name=\"your-message\"><\/textarea><\/span> <\/label>\n<\/p>\n<p><input class=\"wpcf7-form-control wpcf7-submit has-spinner\" type=\"submit\" value=\"Submit\" \/>\n<\/p><div class=\"wpcf7-response-output\" aria-hidden=\"true\"><\/div>\n<\/form>\n<\/div>\n\t\t\t\t\t\t\t\t<\/div>\n\t\t\t\t<\/div>\n\t\t\t\t\t<\/div>\n\t\t<\/div>\n\t\t\t\t\t<\/div>\n\t\t<\/section>\n\t\t\t\t<\/div>\n\t\t","protected":false},"excerpt":{"rendered":"<p>NOUS SOMMES UNE ENTREPRISE CANADIENNE D&rsquo;IMPORT EXPORT OFFRANT DES PRODUITS DE QUALIT\u00c9 Contactez-nous Bureau d&rsquo;inscription: WORLD WIDE CANADIAN TOBACCO IncEnregistr\u00e9 au Canada No: 1360163-3 WWCT Inc3755 ( E ) , Boul Matte, Brossard, Qu\u00e9bec J4Y 2P4 Tel : (514) 571-1642<\/p>\n","protected":false},"author":1,"featured_media":0,"parent":0,"menu_order":0,"comment_status":"closed","ping_status":"open","template":"","meta":{"inline_featured_image":false,"site-sidebar-layout":"default","site-content-layout":"default","ast-main-header-display":"","ast-hfb-above-header-display":"","ast-hfb-below-header-display":"","ast-hfb-mobile-header-display":"","site-post-title":"disabled","ast-breadcrumbs-content":"","ast-featured-img":"","footer-sml-layout":"","theme-transparent-header-meta":"default","adv-header-id-meta":"","stick-header-meta":"","header-above-stick-meta":"","header-main-stick-meta":"","header-below-stick-meta":"","footnotes":""},"class_list":["post-83","page","type-page","status-publish","hentry"],"yoast_head":"<!-- This site is optimized with the Yoast SEO plugin v25.1 - https:\/\/yoast.com\/wordpress\/plugins\/seo\/ -->\n<title>Accueil - WWCT - World Wide Canadian Tobacco Inc.<\/title>\n<meta name=\"robots\" content=\"index, follow, max-snippet:-1, max-image-preview:large, max-video-preview:-1\" \/>\n<link rel=\"canonical\" href=\"https:\/\/www.worldwct.com\/fr\/\" \/>\n<meta property=\"og:locale\" content=\"fr_FR\" \/>\n<meta property=\"og:type\" content=\"article\" \/>\n<meta property=\"og:title\" content=\"Accueil - WWCT - World Wide Canadian Tobacco Inc.\" \/>\n<meta property=\"og:description\" content=\"NOUS SOMMES UNE ENTREPRISE CANADIENNE D&rsquo;IMPORT EXPORT OFFRANT DES PRODUITS DE QUALIT\u00c9 Contactez-nous Bureau d&rsquo;inscription: WORLD WIDE CANADIAN TOBACCO IncEnregistr\u00e9 au Canada No: 1360163-3 WWCT Inc3755 ( E ) , Boul Matte, Brossard, Qu\u00e9bec J4Y 2P4 Tel : (514) 571-1642\" \/>\n<meta property=\"og:url\" content=\"https:\/\/www.worldwct.com\/fr\/\" \/>\n<meta property=\"og:site_name\" content=\"WWCT - World Wide Canadian Tobacco Inc.\" \/>\n<meta property=\"article:modified_time\" content=\"2022-03-17T01:06:03+00:00\" \/>\n<meta property=\"og:image\" content=\"https:\/\/www.worldwct.com\/wp-content\/uploads\/2022\/03\/worldwct-import-export-banner.jpg\" \/>\n<meta name=\"twitter:card\" content=\"summary_large_image\" \/>\n<meta name=\"twitter:label1\" content=\"Dur\u00e9e de lecture estim\u00e9e\" \/>\n\t<meta name=\"twitter:data1\" content=\"1 minute\" \/>\n<script type=\"application\/ld+json\" class=\"yoast-schema-graph\">{\"@context\":\"https:\/\/schema.org\",\"@graph\":[{\"@type\":\"WebPage\",\"@id\":\"https:\/\/www.worldwct.com\/fr\/\",\"url\":\"https:\/\/www.worldwct.com\/fr\/\",\"name\":\"Accueil - WWCT - World Wide Canadian Tobacco Inc.\",\"isPartOf\":{\"@id\":\"https:\/\/www.worldwct.com\/fr\/#website\"},\"primaryImageOfPage\":{\"@id\":\"https:\/\/www.worldwct.com\/fr\/#primaryimage\"},\"image\":{\"@id\":\"https:\/\/www.worldwct.com\/fr\/#primaryimage\"},\"thumbnailUrl\":\"https:\/\/www.worldwct.com\/wp-content\/uploads\/2022\/03\/worldwct-import-export-banner.jpg\",\"datePublished\":\"2022-02-15T02:52:08+00:00\",\"dateModified\":\"2022-03-17T01:06:03+00:00\",\"breadcrumb\":{\"@id\":\"https:\/\/www.worldwct.com\/fr\/#breadcrumb\"},\"inLanguage\":\"fr-FR\",\"potentialAction\":[{\"@type\":\"ReadAction\",\"target\":[\"https:\/\/www.worldwct.com\/fr\/\"]}]},{\"@type\":\"ImageObject\",\"inLanguage\":\"fr-FR\",\"@id\":\"https:\/\/www.worldwct.com\/fr\/#primaryimage\",\"url\":\"https:\/\/www.worldwct.com\/wp-content\/uploads\/2022\/03\/worldwct-import-export-banner.jpg\",\"contentUrl\":\"https:\/\/www.worldwct.com\/wp-content\/uploads\/2022\/03\/worldwct-import-export-banner.jpg\"},{\"@type\":\"BreadcrumbList\",\"@id\":\"https:\/\/www.worldwct.com\/fr\/#breadcrumb\",\"itemListElement\":[{\"@type\":\"ListItem\",\"position\":1,\"name\":\"Home\",\"item\":\"https:\/\/www.worldwct.com\/fr\/\"},{\"@type\":\"ListItem\",\"position\":2,\"name\":\"Accueil\"}]},{\"@type\":\"WebSite\",\"@id\":\"https:\/\/www.worldwct.com\/fr\/#website\",\"url\":\"https:\/\/www.worldwct.com\/fr\/\",\"name\":\"WWCT - World Wide Canadian Tobacco Inc.\",\"description\":\"\",\"publisher\":{\"@id\":\"https:\/\/www.worldwct.com\/fr\/#organization\"},\"potentialAction\":[{\"@type\":\"SearchAction\",\"target\":{\"@type\":\"EntryPoint\",\"urlTemplate\":\"https:\/\/www.worldwct.com\/fr\/?s={search_term_string}\"},\"query-input\":{\"@type\":\"PropertyValueSpecification\",\"valueRequired\":true,\"valueName\":\"search_term_string\"}}],\"inLanguage\":\"fr-FR\"},{\"@type\":\"Organization\",\"@id\":\"https:\/\/www.worldwct.com\/fr\/#organization\",\"name\":\"WWCT - World Wide Canadian Tobacco Inc.\",\"url\":\"https:\/\/www.worldwct.com\/fr\/\",\"logo\":{\"@type\":\"ImageObject\",\"inLanguage\":\"fr-FR\",\"@id\":\"https:\/\/www.worldwct.com\/fr\/#\/schema\/logo\/image\/\",\"url\":\"https:\/\/www.worldwct.com\/wp-content\/uploads\/2022\/03\/worldwct-logo-2022-svg.svg\",\"contentUrl\":\"https:\/\/www.worldwct.com\/wp-content\/uploads\/2022\/03\/worldwct-logo-2022-svg.svg\",\"width\":469,\"height\":199,\"caption\":\"WWCT - World Wide Canadian Tobacco Inc.\"},\"image\":{\"@id\":\"https:\/\/www.worldwct.com\/fr\/#\/schema\/logo\/image\/\"}}]}<\/script>\n<!-- \/ Yoast SEO plugin. -->","yoast_head_json":{"title":"Accueil - WWCT - World Wide Canadian Tobacco Inc.","robots":{"index":"index","follow":"follow","max-snippet":"max-snippet:-1","max-image-preview":"max-image-preview:large","max-video-preview":"max-video-preview:-1"},"canonical":"https:\/\/www.worldwct.com\/fr\/","og_locale":"fr_FR","og_type":"article","og_title":"Accueil - WWCT - World Wide Canadian Tobacco Inc.","og_description":"NOUS SOMMES UNE ENTREPRISE CANADIENNE D&rsquo;IMPORT EXPORT OFFRANT DES PRODUITS DE QUALIT\u00c9 Contactez-nous Bureau d&rsquo;inscription: WORLD WIDE CANADIAN TOBACCO IncEnregistr\u00e9 au Canada No: 1360163-3 WWCT Inc3755 ( E ) , Boul Matte, Brossard, Qu\u00e9bec J4Y 2P4 Tel : (514) 571-1642","og_url":"https:\/\/www.worldwct.com\/fr\/","og_site_name":"WWCT - World Wide Canadian Tobacco Inc.","article_modified_time":"2022-03-17T01:06:03+00:00","og_image":[{"url":"https:\/\/www.worldwct.com\/wp-content\/uploads\/2022\/03\/worldwct-import-export-banner.jpg","type":"","width":"","height":""}],"twitter_card":"summary_large_image","twitter_misc":{"Dur\u00e9e de lecture estim\u00e9e":"1 minute"},"schema":{"@context":"https:\/\/schema.org","@graph":[{"@type":"WebPage","@id":"https:\/\/www.worldwct.com\/fr\/","url":"https:\/\/www.worldwct.com\/fr\/","name":"Accueil - WWCT - World Wide Canadian Tobacco Inc.","isPartOf":{"@id":"https:\/\/www.worldwct.com\/fr\/#website"},"primaryImageOfPage":{"@id":"https:\/\/www.worldwct.com\/fr\/#primaryimage"},"image":{"@id":"https:\/\/www.worldwct.com\/fr\/#primaryimage"},"thumbnailUrl":"https:\/\/www.worldwct.com\/wp-content\/uploads\/2022\/03\/worldwct-import-export-banner.jpg","datePublished":"2022-02-15T02:52:08+00:00","dateModified":"2022-03-17T01:06:03+00:00","breadcrumb":{"@id":"https:\/\/www.worldwct.com\/fr\/#breadcrumb"},"inLanguage":"fr-FR","potentialAction":[{"@type":"ReadAction","target":["https:\/\/www.worldwct.com\/fr\/"]}]},{"@type":"ImageObject","inLanguage":"fr-FR","@id":"https:\/\/www.worldwct.com\/fr\/#primaryimage","url":"https:\/\/www.worldwct.com\/wp-content\/uploads\/2022\/03\/worldwct-import-export-banner.jpg","contentUrl":"https:\/\/www.worldwct.com\/wp-content\/uploads\/2022\/03\/worldwct-import-export-banner.jpg"},{"@type":"BreadcrumbList","@id":"https:\/\/www.worldwct.com\/fr\/#breadcrumb","itemListElement":[{"@type":"ListItem","position":1,"name":"Home","item":"https:\/\/www.worldwct.com\/fr\/"},{"@type":"ListItem","position":2,"name":"Accueil"}]},{"@type":"WebSite","@id":"https:\/\/www.worldwct.com\/fr\/#website","url":"https:\/\/www.worldwct.com\/fr\/","name":"WWCT - World Wide Canadian Tobacco Inc.","description":"","publisher":{"@id":"https:\/\/www.worldwct.com\/fr\/#organization"},"potentialAction":[{"@type":"SearchAction","target":{"@type":"EntryPoint","urlTemplate":"https:\/\/www.worldwct.com\/fr\/?s={search_term_string}"},"query-input":{"@type":"PropertyValueSpecification","valueRequired":true,"valueName":"search_term_string"}}],"inLanguage":"fr-FR"},{"@type":"Organization","@id":"https:\/\/www.worldwct.com\/fr\/#organization","name":"WWCT - World Wide Canadian Tobacco Inc.","url":"https:\/\/www.worldwct.com\/fr\/","logo":{"@type":"ImageObject","inLanguage":"fr-FR","@id":"https:\/\/www.worldwct.com\/fr\/#\/schema\/logo\/image\/","url":"https:\/\/www.worldwct.com\/wp-content\/uploads\/2022\/03\/worldwct-logo-2022-svg.svg","contentUrl":"https:\/\/www.worldwct.com\/wp-content\/uploads\/2022\/03\/worldwct-logo-2022-svg.svg","width":469,"height":199,"caption":"WWCT - World Wide Canadian Tobacco Inc."},"image":{"@id":"https:\/\/www.worldwct.com\/fr\/#\/schema\/logo\/image\/"}}]}},"_links":{"self":[{"href":"https:\/\/www.worldwct.com\/fr\/wp-json\/wp\/v2\/pages\/83","targetHints":{"allow":["GET"]}}],"collection":[{"href":"https:\/\/www.worldwct.com\/fr\/wp-json\/wp\/v2\/pages"}],"about":[{"href":"https:\/\/www.worldwct.com\/fr\/wp-json\/wp\/v2\/types\/page"}],"author":[{"embeddable":true,"href":"https:\/\/www.worldwct.com\/fr\/wp-json\/wp\/v2\/users\/1"}],"replies":[{"embeddable":true,"href":"https:\/\/www.worldwct.com\/fr\/wp-json\/wp\/v2\/comments?post=83"}],"version-history":[{"count":13,"href":"https:\/\/www.worldwct.com\/fr\/wp-json\/wp\/v2\/pages\/83\/revisions"}],"predecessor-version":[{"id":149,"href":"https:\/\/www.worldwct.com\/fr\/wp-json\/wp\/v2\/pages\/83\/revisions\/149"}],"wp:attachment":[{"href":"https:\/\/www.worldwct.com\/fr\/wp-json\/wp\/v2\/media?parent=83"}],"curies":[{"name":"wp","href":"https:\/\/api.w.org\/{rel}","templated":true}]}}